{"id":18418,"date":"2023-11-08T16:59:54","date_gmt":"2023-11-08T15:59:54","guid":{"rendered":"https:\/\/tci-oldschool.fr\/?page_id=18418"},"modified":"2023-12-20T09:12:13","modified_gmt":"2023-12-20T08:12:13","slug":"mention-legale","status":"publish","type":"page","link":"https:\/\/tci-oldschool.fr\/en\/mention-legale\/","title":{"rendered":"Legal notice"},"content":{"rendered":"<div data-elementor-type=\"wp-page\" data-elementor-id=\"18418\" class=\"elementor elementor-18418\">\n\t\t\t\t<div class=\"elementor-element elementor-element-6d4a1eb e-flex e-con-boxed e-con e-parent\" data-id=\"6d4a1eb\" data-element_type=\"container\" data-e-type=\"container\">\n\t\t\t\t\t<div class=\"e-con-inner\">\n\t\t\t\t<div class=\"elementor-element elementor-element-5c3f701 elementor-widget elementor-widget-heading\" data-id=\"5c3f701\" data-element_type=\"widget\" data-e-type=\"widget\" data-widget_type=\"heading.default\">\n\t\t\t\t<div class=\"elementor-widget-container\">\n\t\t\t\t\t<h2 class=\"elementor-heading-title elementor-size-xl\">Legal notice<\/h2>\t\t\t\t<\/div>\n\t\t\t\t<\/div>\n\t\t\t\t<div class=\"elementor-element elementor-element-dadbeec elementor-widget elementor-widget-text-editor\" data-id=\"dadbeec\" data-element_type=\"widget\" data-e-type=\"widget\" data-widget_type=\"text-editor.default\">\n\t\t\t\t<div class=\"elementor-widget-container\">\n\t\t\t\t\t\t\t\t\t<p><span style=\"color: #000000;\">In accordance with <\/span><a style=\"color: #000000;\" href=\"https:\/\/www.legifrance.gouv.fr\/affichTexte.do?cidTexte=JORFTEXT000000801164#LEGIARTI000042038977\">Article 6 of law no. 2004-575 of June 21, 2004<\/a><span style=\"color: #000000;\">\u00a0for confidence in the digital economy, users of the website are hereby informed that <b><a href=\"https:\/\/tci-oldschool.fr\/en\/\">https:\/\/tci-oldschool.fr\/<\/a>\u00a0<\/b>\u00a0the identity of the various parties involved in its implementation and follow-up:<\/span><\/p><p><span style=\"color: #000000;\"><strong>Site owner :\u00a0<\/strong><\/span><strong><span style=\"color: #000000; font-family: 'Times New Roman'; font-size: medium; font-style: normal; font-variant-ligatures: normal; font-variant-caps: normal; text-align: var(--text-align);\">David BERNARD\u00a0<\/span><\/strong><span style=\"font-size: 14px; text-align: var(--text-align); color: #000000;\"><strong>Simplified joint stock company<\/strong>\u00a0 \u2013 Contact : <a href=\"mailto:contact@tci-oldschool.fr\">contact@tci-oldschool.fr<\/a><\/span><span style=\"color: #000000; font-family: 'Times New Roman'; font-size: medium; font-style: normal; font-variant-ligatures: normal; font-variant-caps: normal; font-weight: 400;\">\u00a0<\/span><span style=\"font-size: 14px; text-align: var(--text-align); color: #000000;\">&#8211;\u00a0<\/span><a href=\"tel:0641403188\" data-dtype=\"d3ph\" data-local-attribute=\"d3ph\" data-ved=\"2ahUKEwjYi_aj5LSCAxWiU6QEHbHYA_kQkAgoAHoECD8QAw\">06 41 40 31 88<\/a><span style=\"font-size: 14px; text-align: var(--text-align); color: #000000;\">\u2013 Adresse :480 rue des m\u00e9taux, parc actival\u00a0<\/span><\/p><p style=\"color: #000000; font-family: 'Times New Roman'; font-size: medium; font-style: normal; font-variant-ligatures: normal; font-variant-caps: normal; font-weight: 400;\">\u00a001140 SAINT-DIDIER-SUR-CHALARONNE<\/p><p><span style=\"color: #000000;\"><strong>Company identification<\/strong>\u00a0<strong>SAS\u00a0<\/strong><\/span><strong><span style=\"color: #000000; font-family: 'Times New Roman'; font-size: medium; font-style: normal; font-variant-ligatures: normal; font-variant-caps: normal;\">TRANS CAP ING\u00c9NIERIE\u00a0<\/span><\/strong><span style=\"color: #000000;\"><strong>Simplified joint stock company<\/strong> with a share capital of 1000 \u20ac - SIRET :with a share capital of 1000 \u20ac - SIRET :\u00a0<\/span><span style=\"color: #000000; font-family: 'Times New Roman'; font-size: medium; font-style: normal; font-variant-ligatures: normal; font-variant-caps: normal; font-weight: 400;\">895 245 231 00017<\/span><span style=\"color: #000000;\">\u2013<\/span><\/p><p><span style=\"color: #000000;\">\u00a0RCS\u00a0 :\u00a0Bourg-En-Bresse\u00a0<\/span><span style=\"color: #000000; font-family: 'Times New Roman'; font-size: medium; font-style: normal; font-variant-ligatures: normal; font-variant-caps: normal; font-weight: 400; text-align: var(--text-align);\">895 245 231-<\/span><\/p><p><span style=\"color: #000000;\"><strong>Director of publication:\u00a0<\/strong>\u2013 <strong>Contact :\u00a0<\/strong><\/span><span style=\"color: #000000; font-family: 'Times New Roman'; font-size: medium; font-style: normal; font-variant-ligatures: normal; font-variant-caps: normal; font-weight: 400; text-align: var(--text-align);\"><strong>Marianne BERNARD-<\/strong><a href=\"mailto:marianne@transcap-i.fr\">marianne@transcap-i.fr<\/a><\/span><\/p><p><span style=\"color: #000000;\"><strong>H\u00e9bergeur :<\/strong>\u00a0Hostinger\u00a061 Lordou Vironos Street, 6023 Larnaca, Chypre,<\/span><\/p><p><span style=\"color: #000000;\"><strong>Data Protection Officer :\u00a0<\/strong>\u2013<\/span><\/p><p><span style=\"color: #000000;\"><strong>Other contributors : <\/strong>website created by valeena informatique\u00a0<\/span><\/p><p><a href=\"https:\/\/www.valeena.fr\" target=\"_blank\" rel=\"noopener\">https:\/\/www.valeena.fr<\/a><\/p><p><span style=\"color: #000000;\"><strong>2 - Intellectual property and counterfeiting.<\/strong><\/span><\/p><p><span style=\"color: #000000;\">\u00a0<\/span><span style=\"font-style: normal; font-variant-ligatures: normal; font-variant-caps: normal; font-weight: 400; text-align: var(--text-align); font-family: 'Times New Roman'; font-size: medium; color: #000000;\"><strong>David BERNARD, TRANS CAP ING\u00c9NIERIE SAS,<\/strong>\u00a0<\/span><span style=\"font-family: Roboto, sans-serif; font-size: 14px; font-style: normal; font-variant-ligatures: normal; font-variant-caps: normal; font-weight: 400; text-align: var(--text-align); color: #000000;\">Simplified joint stock company,\u00a0<\/span><span style=\"color: #000000; font-size: 14px; text-align: var(--text-align);\">is the owner of the intellectual property rights and holds the rights of use on all the elements accessible on the website, notably texts, images, graphics, logos, videos, architecture, icons, and sounds.<\/span><\/p><p><span style=\"color: #000000;\">Any reproduction, representation, modification, publication, adaptation of all or part of the elements of the site, whatever the means or the process used, is prohibited, except prior written authorization of\u00a0<strong>soci\u00e9t\u00e9 TCI OLD SCHOOL David Bernard SAS, Soci\u00e9t\u00e9 par actions simplifi\u00e9e<\/strong>.<\/span><\/p><p><span style=\"color: #000000;\">Any unauthorized use of the site or any of the elements it contains will be considered as counterfeiting and prosecuted in accordance with the provisions of articles\u00a0<a style=\"color: #000000;\" href=\"https:\/\/www.legifrance.gouv.fr\/affichCodeArticle.do?idArticle=LEGIARTI000032655082&amp;cidTexte=LEGITEXT000006069414&amp;dateTexte=20160605\">L.335-2 et seq. of the French Intellectual Property Code<\/a>.<\/span><\/p><p><span style=\"color: #000000;\"><strong>3 - Limitation of liability.<\/strong><\/span><\/p><p><span style=\"color: #000000;\"><strong>David Bernard, TRANS CAP ING\u00c9NIERIE SAS, Soci\u00e9t\u00e9 par actions simplifi\u00e9e (simplified joint stock company) <\/strong>ne pourra \u00eatre tenu pour responsable des dommages directs et indirects caus\u00e9s au mat\u00e9riel de l\u2019utilisateur, lors de l\u2019acc\u00e8s au site\u00a0<\/span><a href=\"https:\/\/tci-oldschool.fr\/en\/\"><span style=\"text-align: var(--text-align);\"><span style=\"color: #000000;\">https:\/\/tci-oldschool.fr\/<\/span><\/span><\/a><\/p><p><span style=\"color: #000000;\"><strong>David Bernard, soci\u00e9t\u00e9\u00a0<\/strong><\/span><span style=\"font-variant-ligatures: normal; font-variant-caps: normal; font-family: Roboto, sans-serif; font-size: 14px; font-style: normal; font-weight: 600;\"><span style=\"font-variant-ligatures: normal; font-variant-caps: normal; font-family: 'Times New Roman'; font-size: medium; font-style: normal; color: #000000;\">TRANS CAP ING\u00c9NIERIE SAS,\u00a0<\/span><\/span><span style=\"color: #000000;\"><strong>Simplified joint stock company <\/strong>d\u00e9cline toute responsabilit\u00e9 quant \u00e0 l\u2019utilisation qui pourrait \u00eatre faite des informations et contenus pr\u00e9sents sur\u00a0<\/span><a href=\"https:\/\/tci-oldschool.fr\/en\/\"><span style=\"text-align: var(--text-align);\"><span style=\"color: #000000;\"><b>https:\/\/tci-oldschool.fr\/<\/b><\/span><\/span><\/a><\/p><p><span style=\"color: #000000;\"><strong>David Bernard, TRANS CAP ING\u00c9NIERIE SAS, Soci\u00e9t\u00e9 par actions simplifi\u00e9e (simplified joint stock company) <\/strong>undertakes to make the site as safe as possible\u00a0<\/span><a href=\"https:\/\/tci-oldschool.fr\/en\/\"><span style=\"text-align: var(--text-align);\"><span style=\"color: #000000;\"><b>https:\/\/tci-oldschool.fr\/<\/b><\/span><\/span><\/a><span style=\"color: #000000; font-size: 14px; text-align: var(--text-align);\">\u00a0However, it cannot be held liable if unwanted data is imported and installed on its site without its knowledge.<\/span><\/p><p><span style=\"color: #000000;\">Interactive areas (contact space or comments) are available to users.\u00a0<strong>David Bernard TRANS CAP ING\u00c9NIERIE SAS, Soci\u00e9t\u00e9 par actions simplifi\u00e9e, <\/strong>\u00a0reserves the right to delete, without prior notice, any content posted in this area that contravenes the legislation applicable in France, in particular provisions relating to data protection.<\/span><\/p><p><span style=\"color: #000000;\">If applicable,\u00a0<strong>David Bernard TRANS CAP ING\u00c9NIERIE SAS, a simplified joint stock company, <\/strong>also reserves the right to hold the user civilly and\/or criminally liable, particularly in the event of messages of a racist, insulting, defamatory or pornographic nature, regardless of the medium used (text, photographs, etc.).<\/span><\/p><p><span style=\"color: #000000;\"><strong>4 - CNIL and personal data management<\/strong><\/span><\/p><p><span style=\"color: #000000;\">In accordance with the provisions of\u00a0<a style=\"color: #000000;\" href=\"https:\/\/www.legifrance.gouv.fr\/affichTexte.do?cidTexte=JORFTEXT000000886460\">Act 78-17 of January 6, 1978, as amended<\/a>, l\u2019utilisateur du site\u00a0<a href=\"https:\/\/tci-oldschool.fr\/en\/\"><strong>https:\/\/tci-oldschool.fr\/\u00a0<\/strong><\/a>has the right to access, modify and delete the information collected. To exercise this right, send a message to our Data Protection Officer : -.<\/span><\/p><p><span style=\"color: #000000;\">For more information on how we process your data (type of data, purpose, recipient...), please read our\u00a0<a href=\"https:\/\/tci-oldschool.fr\/en\/mention-legale\/\"><strong>https:\/\/tci-oldschool.fr\/mention-legale\/<\/strong><\/a>.\u00a0<\/span><\/p><p><strong><span style=\"color: #000000;\"><a style=\"color: #000000;\" href=\"https:\/\/eric-services.com\/politique-de-confidentialite\/\">https:\/\/tci-oldschool.fr\/politique-de-confidentialite\/<\/a><\/span><\/strong><\/p><p><span style=\"color: #000000;\"><strong>5 - Hyperlinks and cookies ;<\/strong><\/span><\/p><p><span style=\"color: #000000;\">Site navigation\u00a0<strong>https:\/\/tci-oldschool.fr\/<\/strong>\u00a0contains hypertext links to other sites and accepts no responsibility for these external links or for links created by other sites to https:\/\/tci-oldschool.fr\/\u00a0<strong>https:\/\/tci-oldschool.fr\/<\/strong>.<\/span><\/p><p><span style=\"color: #000000;\">Site navigation\u00a0<a href=\"https:\/\/tci-oldschool.fr\/en\/\"><strong>https:\/\/tci-oldschool.fr\/<\/strong><\/a>\u00a0is likely to cause the installation of cookie(s) on the user's computer.<\/span><\/p><p><span style=\"color: #000000;\">A \u201ccookie\u201d is a small file that records information about a user's navigation on a site. The data thus obtained can be used, for example, to measure visitor numbers.<\/span><\/p><p><span style=\"color: #000000;\">You can also\u00a0<strong>accept or reject cookies<\/strong>\u00a0by changing your browser settings. No cookies will be deposited without your consent.<\/span><\/p><p><span style=\"color: #000000;\">Cookies are stored for a maximum of one month.<\/span><\/p><p><span style=\"color: #000000;\">For more information on how we use cookies, please read our\u00a0<a href=\"https:\/\/tci-oldschool.fr\/en\/mention-legale\/\"><strong>https:\/\/tci-oldschool.fr\/mention-legale\/<\/strong><\/a>.\u00a0<\/span><\/p><p><span style=\"color: #000000;\"><strong>6 - Applicable law and jurisdiction.<\/strong><\/span><\/p><p><span style=\"color: #000000;\">Any dispute relating to the use of the site\u00a0<a href=\"https:\/\/tci-oldschool.fr\/en\/\"><strong>https:\/\/tci-oldschool.fr<\/strong><\/a><\/span><strong style=\"color: #000000; font-size: 14px; text-align: var(--text-align);\">\/<\/strong><span style=\"color: #000000; font-size: 14px; text-align: var(--text-align);\"> is subject to French law. Except in cases where the law does not allow it, the courts have exclusive jurisdiction.<\/span><\/p>\t\t\t\t\t\t\t\t<\/div>\n\t\t\t\t<\/div>\n\t\t\t\t\t<\/div>\n\t\t\t\t<\/div>\n\t\t\t\t<\/div>","protected":false},"excerpt":{"rendered":"<p>Mention l\u00e9gale En vertu de l\u2019article 6 de la loi n\u00b0 2004-575 du 21 juin 2004\u00a0pour la confiance dans l\u2019\u00e9conomie num\u00e9rique, il est pr\u00e9cis\u00e9 aux utilisateurs du site internet https:\/\/tci-oldschool.fr\/\u00a0\u00a0l\u2019identit\u00e9 des diff\u00e9rents intervenants dans le cadre de sa r\u00e9alisation et de son suivi\u00a0: Propri\u00e9taire du site :\u00a0David BERNARD\u00a0Soci\u00e9t\u00e9 par actions simplifi\u00e9e\u00a0 \u2013 Contact : contact@tci-oldschool.fr\u00a0&#8211;\u00a006 [&hellip;]<\/p>\n","protected":false},"author":1,"featured_media":0,"parent":0,"menu_order":0,"comment_status":"closed","ping_status":"closed","template":"","meta":{"footnotes":""},"class_list":["post-18418","page","type-page","status-publish","hentry","entry"],"yoast_head":"<!-- This site is optimized with the Yoast SEO plugin v27.4 - https:\/\/yoast.com\/product\/yoast-seo-wordpress\/ -->\n<title>Mention l\u00e9gale - tci-oldschool.fr<\/title>\n<meta name=\"robots\" content=\"noindex, nofollow\" \/>\n<meta property=\"og:locale\" content=\"en_US\" \/>\n<meta property=\"og:type\" content=\"article\" \/>\n<meta property=\"og:title\" content=\"Mention l\u00e9gale - tci-oldschool.fr\" \/>\n<meta property=\"og:description\" content=\"Mention l\u00e9gale En vertu de l\u2019article 6 de la loi n\u00b0 2004-575 du 21 juin 2004\u00a0pour la confiance dans l\u2019\u00e9conomie num\u00e9rique, il est pr\u00e9cis\u00e9 aux utilisateurs du site internet https:\/\/tci-oldschool.fr\/\u00a0\u00a0l\u2019identit\u00e9 des diff\u00e9rents intervenants dans le cadre de sa r\u00e9alisation et de son suivi\u00a0: Propri\u00e9taire du site :\u00a0David BERNARD\u00a0Soci\u00e9t\u00e9 par actions simplifi\u00e9e\u00a0 \u2013 Contact : contact@tci-oldschool.fr\u00a0&#8211;\u00a006 [&hellip;]\" \/>\n<meta property=\"og:url\" content=\"https:\/\/tci-oldschool.fr\/en\/mention-legale\/\" \/>\n<meta property=\"og:site_name\" content=\"tci-oldschool.fr\" \/>\n<meta property=\"article:publisher\" content=\"https:\/\/www.facebook.com\/tci.oldschool\" \/>\n<meta property=\"article:modified_time\" content=\"2023-12-20T08:12:13+00:00\" \/>\n<meta property=\"og:image\" content=\"https:\/\/tci-oldschool.fr\/wp-content\/uploads\/2023\/12\/logo-site-tci-old-school.png\" \/>\n\t<meta property=\"og:image:width\" content=\"1200\" \/>\n\t<meta property=\"og:image:height\" content=\"675\" \/>\n\t<meta property=\"og:image:type\" content=\"image\/png\" \/>\n<meta name=\"twitter:card\" content=\"summary_large_image\" \/>\n<meta name=\"twitter:label1\" content=\"Est. reading time\" \/>\n\t<meta name=\"twitter:data1\" content=\"4 minutes\" \/>\n<script type=\"application\/ld+json\" class=\"yoast-schema-graph\">{\"@context\":\"https:\\\/\\\/schema.org\",\"@graph\":[{\"@type\":\"WebPage\",\"@id\":\"https:\\\/\\\/tci-oldschool.fr\\\/mention-legale\\\/\",\"url\":\"https:\\\/\\\/tci-oldschool.fr\\\/mention-legale\\\/\",\"name\":\"Mention l\u00e9gale - tci-oldschool.fr\",\"isPartOf\":{\"@id\":\"https:\\\/\\\/tci-oldschool.fr\\\/#website\"},\"datePublished\":\"2023-11-08T15:59:54+00:00\",\"dateModified\":\"2023-12-20T08:12:13+00:00\",\"breadcrumb\":{\"@id\":\"https:\\\/\\\/tci-oldschool.fr\\\/mention-legale\\\/#breadcrumb\"},\"inLanguage\":\"en-US\",\"potentialAction\":[{\"@type\":\"ReadAction\",\"target\":[\"https:\\\/\\\/tci-oldschool.fr\\\/mention-legale\\\/\"]}]},{\"@type\":\"BreadcrumbList\",\"@id\":\"https:\\\/\\\/tci-oldschool.fr\\\/mention-legale\\\/#breadcrumb\",\"itemListElement\":[{\"@type\":\"ListItem\",\"position\":1,\"name\":\"Accueil\",\"item\":\"https:\\\/\\\/tci-oldschool.fr\\\/\"},{\"@type\":\"ListItem\",\"position\":2,\"name\":\"Mention l\u00e9gale\"}]},{\"@type\":\"WebSite\",\"@id\":\"https:\\\/\\\/tci-oldschool.fr\\\/#website\",\"url\":\"https:\\\/\\\/tci-oldschool.fr\\\/\",\"name\":\"tci-oldschool.fr\",\"description\":\"site vitrine voiture am\u00e9ricaine\",\"publisher\":{\"@id\":\"https:\\\/\\\/tci-oldschool.fr\\\/#organization\"},\"potentialAction\":[{\"@type\":\"SearchAction\",\"target\":{\"@type\":\"EntryPoint\",\"urlTemplate\":\"https:\\\/\\\/tci-oldschool.fr\\\/?s={search_term_string}\"},\"query-input\":{\"@type\":\"PropertyValueSpecification\",\"valueRequired\":true,\"valueName\":\"search_term_string\"}}],\"inLanguage\":\"en-US\"},{\"@type\":\"Organization\",\"@id\":\"https:\\\/\\\/tci-oldschool.fr\\\/#organization\",\"name\":\"tci-oldschool.fr\",\"url\":\"https:\\\/\\\/tci-oldschool.fr\\\/\",\"logo\":{\"@type\":\"ImageObject\",\"inLanguage\":\"en-US\",\"@id\":\"https:\\\/\\\/tci-oldschool.fr\\\/#\\\/schema\\\/logo\\\/image\\\/\",\"url\":\"https:\\\/\\\/tci-oldschool.fr\\\/wp-content\\\/uploads\\\/2023\\\/09\\\/cropped-nouveau-logo-tci.png\",\"contentUrl\":\"https:\\\/\\\/tci-oldschool.fr\\\/wp-content\\\/uploads\\\/2023\\\/09\\\/cropped-nouveau-logo-tci.png\",\"width\":512,\"height\":512,\"caption\":\"tci-oldschool.fr\"},\"image\":{\"@id\":\"https:\\\/\\\/tci-oldschool.fr\\\/#\\\/schema\\\/logo\\\/image\\\/\"},\"sameAs\":[\"https:\\\/\\\/www.facebook.com\\\/tci.oldschool\",\"https:\\\/\\\/www.linkedin.com\\\/company\\\/tci-loc\\\/?fbclid=IwAR0p3NfOopsO7OHZohdZxqh_cnXUjZkfFZzS3aYimMrpuRSIsKKTvKoB4lo\"]}]}<\/script>\n<!-- \/ Yoast SEO plugin. -->","yoast_head_json":{"title":"Mention l\u00e9gale - tci-oldschool.fr","robots":{"index":"noindex","follow":"nofollow"},"og_locale":"en_US","og_type":"article","og_title":"Mention l\u00e9gale - tci-oldschool.fr","og_description":"Mention l\u00e9gale En vertu de l\u2019article 6 de la loi n\u00b0 2004-575 du 21 juin 2004\u00a0pour la confiance dans l\u2019\u00e9conomie num\u00e9rique, il est pr\u00e9cis\u00e9 aux utilisateurs du site internet https:\/\/tci-oldschool.fr\/\u00a0\u00a0l\u2019identit\u00e9 des diff\u00e9rents intervenants dans le cadre de sa r\u00e9alisation et de son suivi\u00a0: Propri\u00e9taire du site :\u00a0David BERNARD\u00a0Soci\u00e9t\u00e9 par actions simplifi\u00e9e\u00a0 \u2013 Contact : contact@tci-oldschool.fr\u00a0&#8211;\u00a006 [&hellip;]","og_url":"https:\/\/tci-oldschool.fr\/en\/mention-legale\/","og_site_name":"tci-oldschool.fr","article_publisher":"https:\/\/www.facebook.com\/tci.oldschool","article_modified_time":"2023-12-20T08:12:13+00:00","og_image":[{"width":1200,"height":675,"url":"https:\/\/tci-oldschool.fr\/wp-content\/uploads\/2023\/12\/logo-site-tci-old-school.png","type":"image\/png"}],"twitter_card":"summary_large_image","twitter_misc":{"Est. reading time":"4 minutes"},"schema":{"@context":"https:\/\/schema.org","@graph":[{"@type":"WebPage","@id":"https:\/\/tci-oldschool.fr\/mention-legale\/","url":"https:\/\/tci-oldschool.fr\/mention-legale\/","name":"Mention l\u00e9gale - tci-oldschool.fr","isPartOf":{"@id":"https:\/\/tci-oldschool.fr\/#website"},"datePublished":"2023-11-08T15:59:54+00:00","dateModified":"2023-12-20T08:12:13+00:00","breadcrumb":{"@id":"https:\/\/tci-oldschool.fr\/mention-legale\/#breadcrumb"},"inLanguage":"en-US","potentialAction":[{"@type":"ReadAction","target":["https:\/\/tci-oldschool.fr\/mention-legale\/"]}]},{"@type":"BreadcrumbList","@id":"https:\/\/tci-oldschool.fr\/mention-legale\/#breadcrumb","itemListElement":[{"@type":"ListItem","position":1,"name":"Accueil","item":"https:\/\/tci-oldschool.fr\/"},{"@type":"ListItem","position":2,"name":"Mention l\u00e9gale"}]},{"@type":"WebSite","@id":"https:\/\/tci-oldschool.fr\/#website","url":"https:\/\/tci-oldschool.fr\/","name":"tci-oldschool.fr","description":"site vitrine voiture am\u00e9ricaine","publisher":{"@id":"https:\/\/tci-oldschool.fr\/#organization"},"potentialAction":[{"@type":"SearchAction","target":{"@type":"EntryPoint","urlTemplate":"https:\/\/tci-oldschool.fr\/?s={search_term_string}"},"query-input":{"@type":"PropertyValueSpecification","valueRequired":true,"valueName":"search_term_string"}}],"inLanguage":"en-US"},{"@type":"Organization","@id":"https:\/\/tci-oldschool.fr\/#organization","name":"tci-oldschool.fr","url":"https:\/\/tci-oldschool.fr\/","logo":{"@type":"ImageObject","inLanguage":"en-US","@id":"https:\/\/tci-oldschool.fr\/#\/schema\/logo\/image\/","url":"https:\/\/tci-oldschool.fr\/wp-content\/uploads\/2023\/09\/cropped-nouveau-logo-tci.png","contentUrl":"https:\/\/tci-oldschool.fr\/wp-content\/uploads\/2023\/09\/cropped-nouveau-logo-tci.png","width":512,"height":512,"caption":"tci-oldschool.fr"},"image":{"@id":"https:\/\/tci-oldschool.fr\/#\/schema\/logo\/image\/"},"sameAs":["https:\/\/www.facebook.com\/tci.oldschool","https:\/\/www.linkedin.com\/company\/tci-loc\/?fbclid=IwAR0p3NfOopsO7OHZohdZxqh_cnXUjZkfFZzS3aYimMrpuRSIsKKTvKoB4lo"]}]}},"_links":{"self":[{"href":"https:\/\/tci-oldschool.fr\/en\/wp-json\/wp\/v2\/pages\/18418","targetHints":{"allow":["GET"]}}],"collection":[{"href":"https:\/\/tci-oldschool.fr\/en\/wp-json\/wp\/v2\/pages"}],"about":[{"href":"https:\/\/tci-oldschool.fr\/en\/wp-json\/wp\/v2\/types\/page"}],"author":[{"embeddable":true,"href":"https:\/\/tci-oldschool.fr\/en\/wp-json\/wp\/v2\/users\/1"}],"replies":[{"embeddable":true,"href":"https:\/\/tci-oldschool.fr\/en\/wp-json\/wp\/v2\/comments?post=18418"}],"version-history":[{"count":5,"href":"https:\/\/tci-oldschool.fr\/en\/wp-json\/wp\/v2\/pages\/18418\/revisions"}],"predecessor-version":[{"id":19488,"href":"https:\/\/tci-oldschool.fr\/en\/wp-json\/wp\/v2\/pages\/18418\/revisions\/19488"}],"wp:attachment":[{"href":"https:\/\/tci-oldschool.fr\/en\/wp-json\/wp\/v2\/media?parent=18418"}],"curies":[{"name":"wp","href":"https:\/\/api.w.org\/{rel}","templated":true}]}}